{"id":4376,"date":"2021-12-01T12:21:02","date_gmt":"2021-12-01T09:21:02","guid":{"rendered":"https:\/\/www.mazagazaga.com\/?post_type=product&#038;p=4376"},"modified":"2021-12-01T12:21:02","modified_gmt":"2021-12-01T09:21:02","slug":"hikvision-18-5-inch-1366768-monitor-ds-d5019qe","status":"publish","type":"product","link":"https:\/\/www.mazagazaga.com\/?product=hikvision-18-5-inch-1366768-monitor-ds-d5019qe","title":{"rendered":"HIKVISION 18.5-inch 1366*768 Monitor DS-D5019QE"},"content":{"rendered":"","protected":false},"excerpt":{"rendered":"<ul class=\"tech-specs-items-description\" data-target=\"General\">\n<li class=\"tech-specs-items-description-list\"><span class=\"tech-specs-items-description__title--heading\">General<\/span><\/li>\n<li class=\"tech-specs-items-description-list\"><span class=\"tech-specs-items-description__title\">Loudspeaker<\/span><span class=\"tech-specs-items-description__title-details\">NA<\/span><\/li>\n<li class=\"tech-specs-items-description-list\"><span class=\"tech-specs-items-description__title\">VESA<\/span><span class=\"tech-specs-items-description__title-details\">4-M4 75 mm \u00d7 75 mm<\/span><\/li>\n<li class=\"tech-specs-items-description-list\"><span class=\"tech-specs-items-description__title\">Dimensions(W*H*D)<\/span><span class=\"tech-specs-items-description__title-details\">446mm \u00d7 335mm \u00d7 148mm(with base)\/ 446mm \u00d7 275mm \u00d7 45mm<\/span><\/li>\n<li class=\"tech-specs-items-description-list\"><span class=\"tech-specs-items-description__title\">Packing Dimensions(W*H*D)<\/span><span class=\"tech-specs-items-description__title-details\">492mm \u00d7 337mm \u00d7 100mm<\/span><\/li>\n<li class=\"tech-specs-items-description-list\"><span class=\"tech-specs-items-description__title\">Gross Weight<\/span><span class=\"tech-specs-items-description__title-details\">3.5Kg<\/span><\/li>\n<li class=\"tech-specs-items-description-list\"><span class=\"tech-specs-items-description__title\">Net Weight<\/span><span class=\"tech-specs-items-description__title-details\">2.8kg<\/span><\/li>\n<li class=\"tech-specs-items-description-list\"><span class=\"tech-specs-items-description__title\">Storage Temperature<\/span><span class=\"tech-specs-items-description__title-details\">-20 to 55 \u00ba C (-4 to 131 \u00ba F)<\/span><\/li>\n<li class=\"tech-specs-items-description-list\"><span class=\"tech-specs-items-description__title\">Power Supply<\/span><span class=\"tech-specs-items-description__title-details\">AC 100-240V\uff1b50\/60Hz<\/span><\/li>\n<li class=\"tech-specs-items-description-list\"><span class=\"tech-specs-items-description__title\">Working Temperature<\/span><span class=\"tech-specs-items-description__title-details\">0 to 40 \u00ba C (32 to 104 \u00ba F)<\/span><\/li>\n<li class=\"tech-specs-items-description-list\"><span class=\"tech-specs-items-description__title\">Working Humidity<\/span><span class=\"tech-specs-items-description__title-details\">10 to 85 % (No Condensation)<\/span><\/li>\n<li class=\"tech-specs-items-description-list\"><span class=\"tech-specs-items-description__title\">Storage Humidity<\/span><span class=\"tech-specs-items-description__title-details\">5 to 95% (No Condensation)<\/span><\/li>\n<li class=\"tech-specs-items-description-list\"><span class=\"tech-specs-items-description__title\">Standby Power Consumption<\/span><span class=\"tech-specs-items-description__title-details\">\u2264 0.5W<\/span><\/li>\n<li class=\"tech-specs-items-description-list\"><span class=\"tech-specs-items-description__title\">Power Consumption<\/span><span class=\"tech-specs-items-description__title-details\">\u2264 20W<\/span><\/li>\n<li class=\"tech-specs-items-description-list\"><span class=\"tech-specs-items-description__title\">Color Of Casing<\/span><span class=\"tech-specs-items-description__title-details\">Black<\/span><\/li>\n<\/ul>\n<ul class=\"tech-specs-items-description\" data-target=\"Interfaces\">\n<li class=\"tech-specs-items-description-list\"><span class=\"tech-specs-items-description__title--heading\">Interfaces<\/span><\/li>\n<li class=\"tech-specs-items-description-list\"><span class=\"tech-specs-items-description__title\">HDMI Input<\/span><span class=\"tech-specs-items-description__title-details\">1<\/span><\/li>\n<li class=\"tech-specs-items-description-list\"><span class=\"tech-specs-items-description__title\">VGA Input<\/span><span class=\"tech-specs-items-description__title-details\">1<\/span><\/li>\n<\/ul>\n<ul class=\"tech-specs-items-description\" data-target=\"Accessories\">\n<li class=\"tech-specs-items-description-list\"><span class=\"tech-specs-items-description__title--heading\">Accessories<\/span><\/li>\n<li class=\"tech-specs-items-description-list\"><span class=\"tech-specs-items-description__title\">Power Cord<\/span><span class=\"tech-specs-items-description__title-details\">1<\/span><\/li>\n<li class=\"tech-specs-items-description-list\"><span class=\"tech-specs-items-description__title\">User Manual<\/span><span class=\"tech-specs-items-description__title-details\">1<\/span><\/li>\n<li class=\"tech-specs-items-description-list\"><span class=\"tech-specs-items-description__title\">VGA Cable<\/span><span class=\"tech-specs-items-description__title-details\">1<\/span><\/li>\n<li class=\"tech-specs-items-description-list\"><span class=\"tech-specs-items-description__title\">Base Bracket<\/span><span class=\"tech-specs-items-description__title-details\">1<\/span><\/li>\n<\/ul>\n<ul class=\"tech-specs-items-description\" data-target=\"Monitor\">\n<li class=\"tech-specs-items-description-list\"><span class=\"tech-specs-items-description__title--heading\">Monitor<\/span><\/li>\n<li class=\"tech-specs-items-description-list\"><span class=\"tech-specs-items-description__title\">Backlight<\/span><span class=\"tech-specs-items-description__title-details\">LED Backlight<\/span><\/li>\n<li class=\"tech-specs-items-description-list\"><span class=\"tech-specs-items-description__title\">Screen Size<\/span><span class=\"tech-specs-items-description__title-details\">18.5 inch<\/span><\/li>\n<li class=\"tech-specs-items-description-list\"><span class=\"tech-specs-items-description__title\">Pixel Pitch<\/span><span class=\"tech-specs-items-description__title-details\">0.300 mm (H) \u00d7 0.300 mm (V)<\/span><\/li>\n<li class=\"tech-specs-items-description-list\"><span class=\"tech-specs-items-description__title\">Max Resolution<\/span><span class=\"tech-specs-items-description__title-details\">1366\u00d7768<\/span><\/li>\n<li class=\"tech-specs-items-description-list\"><span class=\"tech-specs-items-description__title\">Brightness<\/span><span class=\"tech-specs-items-description__title-details\">200 cd\/m\u00b2<\/span><\/li>\n<li class=\"tech-specs-items-description-list\"><span class=\"tech-specs-items-description__title\">Contrast<\/span><span class=\"tech-specs-items-description__title-details\">600:1<\/span><\/li>\n<li class=\"tech-specs-items-description-list\"><span class=\"tech-specs-items-description__title\">Response Time<\/span><span class=\"tech-specs-items-description__title-details\">5 ms<\/span><\/li>\n<li class=\"tech-specs-items-description-list\"><span class=\"tech-specs-items-description__title\">Color<\/span><span class=\"tech-specs-items-description__title-details\">16.7M<\/span><\/li>\n<li class=\"tech-specs-items-description-list\"><span class=\"tech-specs-items-description__title\">Active Area<\/span><span class=\"tech-specs-items-description__title-details\">409.8mm \u00d7 230.4mm<\/span><\/li>\n<li class=\"tech-specs-items-description-list\"><span class=\"tech-specs-items-description__title\">Viewing Angle<\/span><span class=\"tech-specs-items-description__title-details\">Horizantal 90\u00b0, vertical 60\u00b0<\/span><\/li>\n<\/ul>\n<ul class=\"tech-specs-items-description\" data-target=\"Bracket\">\n<li class=\"tech-specs-items-description-list\"><span class=\"tech-specs-items-description__title--heading\">Bracket<\/span><\/li>\n<li class=\"tech-specs-items-description-list\"><span class=\"tech-specs-items-description__title\">Wall Mounted<\/span><span class=\"tech-specs-items-description__title-details\">Optional DS-DM1940W<\/span><\/li>\n<li class=\"tech-specs-items-description-list\"><span class=\"tech-specs-items-description__title\">Base Bracket<\/span><span class=\"tech-specs-items-description__title-details\">Contain 1<\/span><\/li>\n<\/ul>\n","protected":false},"featured_media":4377,"comment_status":"open","ping_status":"closed","template":"","meta":{"jetpack_publicize_message":"","jetpack_publicize_feature_enabled":true,"jetpack_social_post_already_shared":true,"jetpack_social_options":{"image_generator_settings":{"template":"highway","default_image_id":0,"font":"","enabled":false},"version":2}},"product_brand":[],"product_cat":[55,31],"product_tag":[],"class_list":{"0":"post-4376","1":"product","2":"type-product","3":"status-publish","4":"has-post-thumbnail","6":"product_cat-cctv-camera","7":"product_cat-ict-equipments","9":"first","10":"instock","11":"shipping-taxable","12":"purchasable","13":"product-type-simple"},"yoast_head":"<!-- This site is optimized with the Yoast SEO plugin v24.4 - https:\/\/yoast.com\/wordpress\/plugins\/seo\/ -->\n<title>HIKVISION 18.5-inch 1366*768 Monitor DS-D5019QE - Mazagazaga<\/title>\n<meta name=\"robots\" content=\"index, follow, max-snippet:-1, max-image-preview:large, max-video-preview:-1\" \/>\n<link rel=\"canonical\" href=\"https:\/\/www.mazagazaga.com\/?product=hikvision-18-5-inch-1366768-monitor-ds-d5019qe\" \/>\n<meta property=\"og:locale\" content=\"en_US\" \/>\n<meta property=\"og:type\" content=\"article\" \/>\n<meta property=\"og:title\" content=\"HIKVISION 18.5-inch 1366*768 Monitor DS-D5019QE - Mazagazaga\" \/>\n<meta property=\"og:description\" content=\"General  LoudspeakerNA  VESA4-M4 75 mm \u00d7 75 mm  Dimensions(W*H*D)446mm \u00d7 335mm \u00d7 148mm(with base)\/ 446mm \u00d7 275mm \u00d7 45mm  Packing Dimensions(W*H*D)492mm \u00d7 337mm \u00d7 100mm  Gross Weight3.5Kg  Net Weight2.8kg  Storage Temperature-20 to 55 \u00ba C (-4 to 131 \u00ba F)  Power SupplyAC 100-240V\uff1b50\/60Hz  Working Temperature0 to 40 \u00ba C (32 to 104 \u00ba F)  Working Humidity10 to 85 % (No Condensation)  Storage Humidity5 to 95% (No Condensation)  Standby Power Consumption\u2264 0.5W  Power Consumption\u2264 20W  Color Of CasingBlack    Interfaces  HDMI Input1  VGA Input1    Accessories  Power Cord1  User Manual1  VGA Cable1  Base Bracket1    Monitor  BacklightLED Backlight  Screen Size18.5 inch  Pixel Pitch0.300 mm (H) \u00d7 0.300 mm (V)  Max Resolution1366\u00d7768  Brightness200 cd\/m\u00b2  Contrast600:1  Response Time5 ms  Color16.7M  Active Area409.8mm \u00d7 230.4mm  Viewing AngleHorizantal 90\u00b0, vertical 60\u00b0    Bracket  Wall MountedOptional DS-DM1940W  Base BracketContain 1\" \/>\n<meta property=\"og:url\" content=\"https:\/\/www.mazagazaga.com\/?product=hikvision-18-5-inch-1366768-monitor-ds-d5019qe\" \/>\n<meta property=\"og:site_name\" content=\"Mazagazaga\" \/>\n<meta property=\"og:image\" content=\"https:\/\/www.mazagazaga.com\/wp-content\/uploads\/2021\/12\/download.jpg\" \/>\n\t<meta property=\"og:image:width\" content=\"300\" \/>\n\t<meta property=\"og:image:height\" content=\"168\" \/>\n\t<meta property=\"og:image:type\" content=\"image\/jpeg\" \/>\n<meta name=\"twitter:card\" content=\"summary_large_image\" \/>\n<script type=\"application\/ld+json\" class=\"yoast-schema-graph\">{\"@context\":\"https:\/\/schema.org\",\"@graph\":[{\"@type\":\"WebPage\",\"@id\":\"https:\/\/www.mazagazaga.com\/?product=hikvision-18-5-inch-1366768-monitor-ds-d5019qe\",\"url\":\"https:\/\/www.mazagazaga.com\/?product=hikvision-18-5-inch-1366768-monitor-ds-d5019qe\",\"name\":\"HIKVISION 18.5-inch 1366*768 Monitor DS-D5019QE - Mazagazaga\",\"isPartOf\":{\"@id\":\"https:\/\/www.mazagazaga.com\/#website\"},\"primaryImageOfPage\":{\"@id\":\"https:\/\/www.mazagazaga.com\/?product=hikvision-18-5-inch-1366768-monitor-ds-d5019qe#primaryimage\"},\"image\":{\"@id\":\"https:\/\/www.mazagazaga.com\/?product=hikvision-18-5-inch-1366768-monitor-ds-d5019qe#primaryimage\"},\"thumbnailUrl\":\"https:\/\/www.mazagazaga.com\/wp-content\/uploads\/2021\/12\/download.jpg\",\"datePublished\":\"2021-12-01T09:21:02+00:00\",\"breadcrumb\":{\"@id\":\"https:\/\/www.mazagazaga.com\/?product=hikvision-18-5-inch-1366768-monitor-ds-d5019qe#breadcrumb\"},\"inLanguage\":\"en-US\",\"potentialAction\":[{\"@type\":\"ReadAction\",\"target\":[\"https:\/\/www.mazagazaga.com\/?product=hikvision-18-5-inch-1366768-monitor-ds-d5019qe\"]}]},{\"@type\":\"ImageObject\",\"inLanguage\":\"en-US\",\"@id\":\"https:\/\/www.mazagazaga.com\/?product=hikvision-18-5-inch-1366768-monitor-ds-d5019qe#primaryimage\",\"url\":\"https:\/\/www.mazagazaga.com\/wp-content\/uploads\/2021\/12\/download.jpg\",\"contentUrl\":\"https:\/\/www.mazagazaga.com\/wp-content\/uploads\/2021\/12\/download.jpg\",\"width\":300,\"height\":168},{\"@type\":\"BreadcrumbList\",\"@id\":\"https:\/\/www.mazagazaga.com\/?product=hikvision-18-5-inch-1366768-monitor-ds-d5019qe#breadcrumb\",\"itemListElement\":[{\"@type\":\"ListItem\",\"position\":1,\"name\":\"Home\",\"item\":\"https:\/\/www.mazagazaga.com\/\"},{\"@type\":\"ListItem\",\"position\":2,\"name\":\"Shop\",\"item\":\"https:\/\/www.mazagazaga.com\/?page_id=6\"},{\"@type\":\"ListItem\",\"position\":3,\"name\":\"HIKVISION 18.5-inch 1366*768 Monitor DS-D5019QE\"}]},{\"@type\":\"WebSite\",\"@id\":\"https:\/\/www.mazagazaga.com\/#website\",\"url\":\"https:\/\/www.mazagazaga.com\/\",\"name\":\"Mazagazaga\",\"description\":\"Online Digital Shop\",\"publisher\":{\"@id\":\"https:\/\/www.mazagazaga.com\/#organization\"},\"potentialAction\":[{\"@type\":\"SearchAction\",\"target\":{\"@type\":\"EntryPoint\",\"urlTemplate\":\"https:\/\/www.mazagazaga.com\/?s={search_term_string}\"},\"query-input\":{\"@type\":\"PropertyValueSpecification\",\"valueRequired\":true,\"valueName\":\"search_term_string\"}}],\"inLanguage\":\"en-US\"},{\"@type\":\"Organization\",\"@id\":\"https:\/\/www.mazagazaga.com\/#organization\",\"name\":\"Mazagazaga\",\"url\":\"https:\/\/www.mazagazaga.com\/\",\"logo\":{\"@type\":\"ImageObject\",\"inLanguage\":\"en-US\",\"@id\":\"https:\/\/www.mazagazaga.com\/#\/schema\/logo\/image\/\",\"url\":\"https:\/\/www.mazagazaga.com\/wp-content\/uploads\/2023\/03\/cropped-Mazagazaga.com-Logo-Final-02.png\",\"contentUrl\":\"https:\/\/www.mazagazaga.com\/wp-content\/uploads\/2023\/03\/cropped-Mazagazaga.com-Logo-Final-02.png\",\"width\":764,\"height\":222,\"caption\":\"Mazagazaga\"},\"image\":{\"@id\":\"https:\/\/www.mazagazaga.com\/#\/schema\/logo\/image\/\"}}]}<\/script>\n<!-- \/ Yoast SEO plugin. -->","yoast_head_json":{"title":"HIKVISION 18.5-inch 1366*768 Monitor DS-D5019QE - Mazagazaga","robots":{"index":"index","follow":"follow","max-snippet":"max-snippet:-1","max-image-preview":"max-image-preview:large","max-video-preview":"max-video-preview:-1"},"canonical":"https:\/\/www.mazagazaga.com\/?product=hikvision-18-5-inch-1366768-monitor-ds-d5019qe","og_locale":"en_US","og_type":"article","og_title":"HIKVISION 18.5-inch 1366*768 Monitor DS-D5019QE - Mazagazaga","og_description":"General  LoudspeakerNA  VESA4-M4 75 mm \u00d7 75 mm  Dimensions(W*H*D)446mm \u00d7 335mm \u00d7 148mm(with base)\/ 446mm \u00d7 275mm \u00d7 45mm  Packing Dimensions(W*H*D)492mm \u00d7 337mm \u00d7 100mm  Gross Weight3.5Kg  Net Weight2.8kg  Storage Temperature-20 to 55 \u00ba C (-4 to 131 \u00ba F)  Power SupplyAC 100-240V\uff1b50\/60Hz  Working Temperature0 to 40 \u00ba C (32 to 104 \u00ba F)  Working Humidity10 to 85 % (No Condensation)  Storage Humidity5 to 95% (No Condensation)  Standby Power Consumption\u2264 0.5W  Power Consumption\u2264 20W  Color Of CasingBlack    Interfaces  HDMI Input1  VGA Input1    Accessories  Power Cord1  User Manual1  VGA Cable1  Base Bracket1    Monitor  BacklightLED Backlight  Screen Size18.5 inch  Pixel Pitch0.300 mm (H) \u00d7 0.300 mm (V)  Max Resolution1366\u00d7768  Brightness200 cd\/m\u00b2  Contrast600:1  Response Time5 ms  Color16.7M  Active Area409.8mm \u00d7 230.4mm  Viewing AngleHorizantal 90\u00b0, vertical 60\u00b0    Bracket  Wall MountedOptional DS-DM1940W  Base BracketContain 1","og_url":"https:\/\/www.mazagazaga.com\/?product=hikvision-18-5-inch-1366768-monitor-ds-d5019qe","og_site_name":"Mazagazaga","og_image":[{"width":300,"height":168,"url":"https:\/\/www.mazagazaga.com\/wp-content\/uploads\/2021\/12\/download.jpg","type":"image\/jpeg"}],"twitter_card":"summary_large_image","schema":{"@context":"https:\/\/schema.org","@graph":[{"@type":"WebPage","@id":"https:\/\/www.mazagazaga.com\/?product=hikvision-18-5-inch-1366768-monitor-ds-d5019qe","url":"https:\/\/www.mazagazaga.com\/?product=hikvision-18-5-inch-1366768-monitor-ds-d5019qe","name":"HIKVISION 18.5-inch 1366*768 Monitor DS-D5019QE - Mazagazaga","isPartOf":{"@id":"https:\/\/www.mazagazaga.com\/#website"},"primaryImageOfPage":{"@id":"https:\/\/www.mazagazaga.com\/?product=hikvision-18-5-inch-1366768-monitor-ds-d5019qe#primaryimage"},"image":{"@id":"https:\/\/www.mazagazaga.com\/?product=hikvision-18-5-inch-1366768-monitor-ds-d5019qe#primaryimage"},"thumbnailUrl":"https:\/\/www.mazagazaga.com\/wp-content\/uploads\/2021\/12\/download.jpg","datePublished":"2021-12-01T09:21:02+00:00","breadcrumb":{"@id":"https:\/\/www.mazagazaga.com\/?product=hikvision-18-5-inch-1366768-monitor-ds-d5019qe#breadcrumb"},"inLanguage":"en-US","potentialAction":[{"@type":"ReadAction","target":["https:\/\/www.mazagazaga.com\/?product=hikvision-18-5-inch-1366768-monitor-ds-d5019qe"]}]},{"@type":"ImageObject","inLanguage":"en-US","@id":"https:\/\/www.mazagazaga.com\/?product=hikvision-18-5-inch-1366768-monitor-ds-d5019qe#primaryimage","url":"https:\/\/www.mazagazaga.com\/wp-content\/uploads\/2021\/12\/download.jpg","contentUrl":"https:\/\/www.mazagazaga.com\/wp-content\/uploads\/2021\/12\/download.jpg","width":300,"height":168},{"@type":"BreadcrumbList","@id":"https:\/\/www.mazagazaga.com\/?product=hikvision-18-5-inch-1366768-monitor-ds-d5019qe#breadcrumb","itemListElement":[{"@type":"ListItem","position":1,"name":"Home","item":"https:\/\/www.mazagazaga.com\/"},{"@type":"ListItem","position":2,"name":"Shop","item":"https:\/\/www.mazagazaga.com\/?page_id=6"},{"@type":"ListItem","position":3,"name":"HIKVISION 18.5-inch 1366*768 Monitor DS-D5019QE"}]},{"@type":"WebSite","@id":"https:\/\/www.mazagazaga.com\/#website","url":"https:\/\/www.mazagazaga.com\/","name":"Mazagazaga","description":"Online Digital Shop","publisher":{"@id":"https:\/\/www.mazagazaga.com\/#organization"},"potentialAction":[{"@type":"SearchAction","target":{"@type":"EntryPoint","urlTemplate":"https:\/\/www.mazagazaga.com\/?s={search_term_string}"},"query-input":{"@type":"PropertyValueSpecification","valueRequired":true,"valueName":"search_term_string"}}],"inLanguage":"en-US"},{"@type":"Organization","@id":"https:\/\/www.mazagazaga.com\/#organization","name":"Mazagazaga","url":"https:\/\/www.mazagazaga.com\/","logo":{"@type":"ImageObject","inLanguage":"en-US","@id":"https:\/\/www.mazagazaga.com\/#\/schema\/logo\/image\/","url":"https:\/\/www.mazagazaga.com\/wp-content\/uploads\/2023\/03\/cropped-Mazagazaga.com-Logo-Final-02.png","contentUrl":"https:\/\/www.mazagazaga.com\/wp-content\/uploads\/2023\/03\/cropped-Mazagazaga.com-Logo-Final-02.png","width":764,"height":222,"caption":"Mazagazaga"},"image":{"@id":"https:\/\/www.mazagazaga.com\/#\/schema\/logo\/image\/"}}]}},"jetpack_publicize_connections":[],"jetpack_sharing_enabled":true,"_links":{"self":[{"href":"https:\/\/www.mazagazaga.com\/index.php?rest_route=\/wp\/v2\/product\/4376","targetHints":{"allow":["GET"]}}],"collection":[{"href":"https:\/\/www.mazagazaga.com\/index.php?rest_route=\/wp\/v2\/product"}],"about":[{"href":"https:\/\/www.mazagazaga.com\/index.php?rest_route=\/wp\/v2\/types\/product"}],"replies":[{"embeddable":true,"href":"https:\/\/www.mazagazaga.com\/index.php?rest_route=%2Fwp%2Fv2%2Fcomments&post=4376"}],"wp:featuredmedia":[{"embeddable":true,"href":"https:\/\/www.mazagazaga.com\/index.php?rest_route=\/wp\/v2\/media\/4377"}],"wp:attachment":[{"href":"https:\/\/www.mazagazaga.com\/index.php?rest_route=%2Fwp%2Fv2%2Fmedia&parent=4376"}],"wp:term":[{"taxonomy":"product_brand","embeddable":true,"href":"https:\/\/www.mazagazaga.com\/index.php?rest_route=%2Fwp%2Fv2%2Fproduct_brand&post=4376"},{"taxonomy":"product_cat","embeddable":true,"href":"https:\/\/www.mazagazaga.com\/index.php?rest_route=%2Fwp%2Fv2%2Fproduct_cat&post=4376"},{"taxonomy":"product_tag","embeddable":true,"href":"https:\/\/www.mazagazaga.com\/index.php?rest_route=%2Fwp%2Fv2%2Fproduct_tag&post=4376"}],"curies":[{"name":"wp","href":"https:\/\/api.w.org\/{rel}","templated":true}]}}