{"id":4361,"date":"2021-12-01T11:47:22","date_gmt":"2021-12-01T08:47:22","guid":{"rendered":"https:\/\/www.mazagazaga.com\/?post_type=product&#038;p=4361"},"modified":"2021-12-01T11:47:22","modified_gmt":"2021-12-01T08:47:22","slug":"hikvision-128-channel-3u-4k-super-nvr","status":"publish","type":"product","link":"https:\/\/www.mazagazaga.com\/?product=hikvision-128-channel-3u-4k-super-nvr","title":{"rendered":"HIKVISION 128-channel 3U 4K Super NVR"},"content":{"rendered":"","protected":false},"excerpt":{"rendered":"<ul class=\"tech-specs-items-description\" data-target=\"Video and Audio\">\n<li class=\"tech-specs-items-description-list\"><span class=\"tech-specs-items-description__title--heading\">Video And Audio<\/span><\/li>\n<li class=\"tech-specs-items-description-list\"><span class=\"tech-specs-items-description__title\">IP Video Input<\/span><span class=\"tech-specs-items-description__title-details\">128-ch<\/span><\/li>\n<li class=\"tech-specs-items-description-list\"><span class=\"tech-specs-items-description__title\">Incoming Bandwidth (RAID Mode)<\/span><span class=\"tech-specs-items-description__title-details\">576 Mbps<\/span><\/li>\n<li class=\"tech-specs-items-description-list\"><span class=\"tech-specs-items-description__title\">Outgoing Bandwidth<\/span><span class=\"tech-specs-items-description__title-details\">512 Mbps<\/span><\/li>\n<li class=\"tech-specs-items-description-list\"><span class=\"tech-specs-items-description__title\">Incoming Bandwidth<\/span><span class=\"tech-specs-items-description__title-details\">576 Mbps<\/span><\/li>\n<li class=\"tech-specs-items-description-list\"><span class=\"tech-specs-items-description__title\">Outgoing Bandwidth (RAID Mode)<\/span><span class=\"tech-specs-items-description__title-details\">512 Mbps<\/span><\/li>\n<li class=\"tech-specs-items-description-list\"><span class=\"tech-specs-items-description__title\">TLS Outgoing Bandwidth<\/span><span class=\"tech-specs-items-description__title-details\">128 Mbps, or 64 Mbps (when RAID is enabled)<\/span><\/li>\n<li class=\"tech-specs-items-description-list\"><span class=\"tech-specs-items-description__title\">HDMI Output<\/span><span class=\"tech-specs-items-description__title-details\">Two independent HDMI outputs of 4K resolution. Resolution: 4K (4096 \u00d7 2160), 4K (3840 \u00d7 2160)\/30Hz, 2K (2560 \u00d7 1440)\/60Hz, 1080p (1920 \u00d7 1080)\/60Hz, UXGA (1600 \u00d7 1200)\/60Hz, SXGA (1280 \u00d7 1024)\/60Hz, 720p (1280 \u00d7 720)\/60Hz, XGA (1024 \u00d7 768)\/60Hz<\/span><\/li>\n<li class=\"tech-specs-items-description-list\"><span class=\"tech-specs-items-description__title\">VGA Output<\/span><span class=\"tech-specs-items-description__title-details\">1-ch. Resolution: 1080p (1920 \u00d7 1080)\/60Hz, UXGA (1600 \u00d7 1200)\/60Hz, SXGA (1280 \u00d7 1024)\/60Hz, 720p (1280 \u00d7 720)\/60Hz, XGA (1024 \u00d7 768)\/60Hz<\/span><\/li>\n<li class=\"tech-specs-items-description-list\"><span class=\"tech-specs-items-description__title\">LCD Output<\/span><span class=\"tech-specs-items-description__title-details\">Optional: One 7 inch LCD<\/span><\/li>\n<li class=\"tech-specs-items-description-list\"><span class=\"tech-specs-items-description__title\">Audio Output<\/span><span class=\"tech-specs-items-description__title-details\">1-ch. RCA (2.0 Vp-p, 1 K\u2126)<\/span><\/li>\n<li class=\"tech-specs-items-description-list\"><span class=\"tech-specs-items-description__title\">Two-Way Audio<\/span><span class=\"tech-specs-items-description__title-details\">1-ch, RCA (2.0 Vp-p, 1 K\u2126)<\/span><\/li>\n<\/ul>\n<ul class=\"tech-specs-items-description\" data-target=\"Decoding\">\n<li class=\"tech-specs-items-description-list\"><span class=\"tech-specs-items-description__title--heading\">Decoding<\/span><\/li>\n<li class=\"tech-specs-items-description-list\"><span class=\"tech-specs-items-description__title\">Decoding Format<\/span><span class=\"tech-specs-items-description__title-details\">H.265, H.265+, H.264, H.264+,MPEG4, MJPEG (for Hikvision IP camera only)<\/span><\/li>\n<li class=\"tech-specs-items-description-list\"><span class=\"tech-specs-items-description__title\">Recording Resolution<\/span><span class=\"tech-specs-items-description__title-details\">12 MP\/8 MP\/7 MP\/6 MP\/5 MP\/4 MP\/3 MP\/1080p\/UXGA\/720p\/VGA\/4CIF\/DCIF\/2CIF\/CIF\/QCIF<\/span><\/li>\n<li class=\"tech-specs-items-description-list\"><span class=\"tech-specs-items-description__title\">Synchronous Playback<\/span><span class=\"tech-specs-items-description__title-details\">Up to 16 channels<\/span><\/li>\n<li class=\"tech-specs-items-description-list\"><span class=\"tech-specs-items-description__title\">Decoding Capability<\/span><span class=\"tech-specs-items-description__title-details\">3-ch@12 MP (30fps), 5-ch@8 MP (30fps), 6-ch@6 MP (30fps), 10-ch@4 MP (30fps), 20-ch@1080p (30 fps)<\/span><\/li>\n<\/ul>\n<ul class=\"tech-specs-items-description\" data-target=\"Network\">\n<li class=\"tech-specs-items-description-list\"><span class=\"tech-specs-items-description__title--heading\">Network<\/span><\/li>\n<li class=\"tech-specs-items-description-list\"><span class=\"tech-specs-items-description__title\">Network Protocol<\/span><span class=\"tech-specs-items-description__title-details\">IPv6, HTTPS, UPnP, SNMP, NTP, SADP, SMTP, NFS, iSCSI, PPPoE, DDNS<\/span><\/li>\n<li class=\"tech-specs-items-description-list\"><span class=\"tech-specs-items-description__title\">Camera Access Protocol<\/span><span class=\"tech-specs-items-description__title-details\">HIKVISION, ACTi, ARECONT, AXIS, BOSCH, BRICKCOM, CANON, HUNT, ONVIF (Version 2.5), PANASONIC, PELCO, RTSP, SAMSUNG, SONY, VIVOTEK, ZAVIO<\/span><\/li>\n<li class=\"tech-specs-items-description-list\"><span class=\"tech-specs-items-description__title\">Network Interface<\/span><span class=\"tech-specs-items-description__title-details\">4, RJ45 10M\/100M\/1000M self-adaptive Ethernet interface<\/span><\/li>\n<\/ul>\n<ul class=\"tech-specs-items-description\" data-target=\"PoE\">\n<li class=\"tech-specs-items-description-list\"><span class=\"tech-specs-items-description__title--heading\">PoE<\/span><\/li>\n<li class=\"tech-specs-items-description-list\"><span class=\"tech-specs-items-description__title\">Interface<\/span><span class=\"tech-specs-items-description__title-details\">16 SATA interfaces supporting hot-plug<\/span><\/li>\n<\/ul>\n<ul class=\"tech-specs-items-description\" data-target=\"RAID\">\n<li class=\"tech-specs-items-description-list\"><span class=\"tech-specs-items-description__title--heading\">RAID<\/span><\/li>\n<li class=\"tech-specs-items-description-list\"><span class=\"tech-specs-items-description__title\">RAID Type<\/span><span class=\"tech-specs-items-description__title-details\">RAID0, RAID1, RAID5, RAID 6, and RAID10<\/span><\/li>\n<\/ul>\n<ul class=\"tech-specs-items-description\" data-target=\"Auxiliary Interface\">\n<li class=\"tech-specs-items-description-list\"><span class=\"tech-specs-items-description__title--heading\">Auxiliary Interface<\/span><\/li>\n<li class=\"tech-specs-items-description-list\"><span class=\"tech-specs-items-description__title\">SATA<\/span><span class=\"tech-specs-items-description__title-details\">2 \u00d7 mini SAS interface (optional)<\/span><\/li>\n<li class=\"tech-specs-items-description-list\"><span class=\"tech-specs-items-description__title\">ESATA<\/span><span class=\"tech-specs-items-description__title-details\">1 \u00d7 eSATA interface<\/span><\/li>\n<li class=\"tech-specs-items-description-list\"><span class=\"tech-specs-items-description__title\">Capacity<\/span><span class=\"tech-specs-items-description__title-details\">Up to 10 TB for each HDD<\/span><\/li>\n<li class=\"tech-specs-items-description-list\"><span class=\"tech-specs-items-description__title\">Serial Interface<\/span><span class=\"tech-specs-items-description__title-details\">RS-232; RS-485; Keyboard<\/span><\/li>\n<li class=\"tech-specs-items-description-list\"><span class=\"tech-specs-items-description__title\">USB Interface<\/span><span class=\"tech-specs-items-description__title-details\">Front Panel: 2 \u00d7 USB 2.0; Rear Panel: 2 \u00d7 USB 3.0<\/span><\/li>\n<li class=\"tech-specs-items-description-list\"><span class=\"tech-specs-items-description__title\">Alarm In\/Out<\/span><span class=\"tech-specs-items-description__title-details\">16\/8<\/span><\/li>\n<li class=\"tech-specs-items-description-list\"><span class=\"tech-specs-items-description__title\">Extension Board<\/span><span class=\"tech-specs-items-description__title-details\">One extension board is supported with four 10M\/100M\/1000M optical interfaces (1.25 Gbps SFP module), eight RS-485 interfaces, and alarm interface of 32 alarm inputs and 16 alarm outputs.<\/span><\/li>\n<\/ul>\n<ul class=\"tech-specs-items-description\" data-target=\"General\">\n<li class=\"tech-specs-items-description-list\"><span class=\"tech-specs-items-description__title--heading\">General<\/span><\/li>\n<li class=\"tech-specs-items-description-list\"><span class=\"tech-specs-items-description__title\">Power Supply<\/span><span class=\"tech-specs-items-description__title-details\">100 to 240 VAC, 50 to 60Hz, 5 A<\/span><\/li>\n<li class=\"tech-specs-items-description-list\"><span class=\"tech-specs-items-description__title\">Consumption<\/span><span class=\"tech-specs-items-description__title-details\">\u2264 140W<\/span><\/li>\n<li class=\"tech-specs-items-description-list\"><span class=\"tech-specs-items-description__title\">Working Temperature<\/span><span class=\"tech-specs-items-description__title-details\">0 \u00b0C to + 50 \u00b0C (32 \u00b0F to 122 \u00b0F)<\/span><\/li>\n<li class=\"tech-specs-items-description-list\"><span class=\"tech-specs-items-description__title\">Working Humidity<\/span><span class=\"tech-specs-items-description__title-details\">10% to 90%<\/span><\/li>\n<li class=\"tech-specs-items-description-list\"><span class=\"tech-specs-items-description__title\">Dimension (W \u00d7 D \u00d7 H)<\/span><span class=\"tech-specs-items-description__title-details\">442 \u00d7 494 \u00d7 146 mm (17.4 \u00d7 19.4 \u00d7 5.7 inch)<\/span><\/li>\n<li class=\"tech-specs-items-description-list\"><span class=\"tech-specs-items-description__title-details\">\u2264 16 kg (35.3 lb)<\/span><\/li>\n<\/ul>\n","protected":false},"featured_media":4362,"comment_status":"open","ping_status":"closed","template":"","meta":{"jetpack_publicize_message":"","jetpack_publicize_feature_enabled":true,"jetpack_social_post_already_shared":true,"jetpack_social_options":{"image_generator_settings":{"template":"highway","default_image_id":0,"font":"","enabled":false},"version":2}},"product_brand":[],"product_cat":[55,31],"product_tag":[],"class_list":{"0":"post-4361","1":"product","2":"type-product","3":"status-publish","4":"has-post-thumbnail","6":"product_cat-cctv-camera","7":"product_cat-ict-equipments","9":"first","10":"instock","11":"shipping-taxable","12":"purchasable","13":"product-type-simple"},"yoast_head":"<!-- This site is optimized with the Yoast SEO plugin v24.4 - https:\/\/yoast.com\/wordpress\/plugins\/seo\/ -->\n<title>HIKVISION 128-channel 3U 4K Super NVR - Mazagazaga<\/title>\n<meta name=\"robots\" content=\"index, follow, max-snippet:-1, max-image-preview:large, max-video-preview:-1\" \/>\n<link rel=\"canonical\" href=\"https:\/\/www.mazagazaga.com\/?product=hikvision-128-channel-3u-4k-super-nvr\" \/>\n<meta property=\"og:locale\" content=\"en_US\" \/>\n<meta property=\"og:type\" content=\"article\" \/>\n<meta property=\"og:title\" content=\"HIKVISION 128-channel 3U 4K Super NVR - Mazagazaga\" \/>\n<meta property=\"og:description\" content=\"Video And Audio  IP Video Input128-ch  Incoming Bandwidth (RAID Mode)576 Mbps  Outgoing Bandwidth512 Mbps  Incoming Bandwidth576 Mbps  Outgoing Bandwidth (RAID Mode)512 Mbps  TLS Outgoing Bandwidth128 Mbps, or 64 Mbps (when RAID is enabled)  HDMI OutputTwo independent HDMI outputs of 4K resolution. Resolution: 4K (4096 \u00d7 2160), 4K (3840 \u00d7 2160)\/30Hz, 2K (2560 \u00d7 1440)\/60Hz, 1080p (1920 \u00d7 1080)\/60Hz, UXGA (1600 \u00d7 1200)\/60Hz, SXGA (1280 \u00d7 1024)\/60Hz, 720p (1280 \u00d7 720)\/60Hz, XGA (1024 \u00d7 768)\/60Hz  VGA Output1-ch. Resolution: 1080p (1920 \u00d7 1080)\/60Hz, UXGA (1600 \u00d7 1200)\/60Hz, SXGA (1280 \u00d7 1024)\/60Hz, 720p (1280 \u00d7 720)\/60Hz, XGA (1024 \u00d7 768)\/60Hz  LCD OutputOptional: One 7 inch LCD  Audio Output1-ch. RCA (2.0 Vp-p, 1 K\u2126)  Two-Way Audio1-ch, RCA (2.0 Vp-p, 1 K\u2126)    Decoding  Decoding FormatH.265, H.265+, H.264, H.264+,MPEG4, MJPEG (for Hikvision IP camera only)  Recording Resolution12 MP\/8 MP\/7 MP\/6 MP\/5 MP\/4 MP\/3 MP\/1080p\/UXGA\/720p\/VGA\/4CIF\/DCIF\/2CIF\/CIF\/QCIF  Synchronous PlaybackUp to 16 channels  Decoding Capability3-ch@12 MP (30fps), 5-ch@8 MP (30fps), 6-ch@6 MP (30fps), 10-ch@4 MP (30fps), 20-ch@1080p (30 fps)    Network  Network ProtocolIPv6, HTTPS, UPnP, SNMP, NTP, SADP, SMTP, NFS, iSCSI, PPPoE, DDNS  Camera Access ProtocolHIKVISION, ACTi, ARECONT, AXIS, BOSCH, BRICKCOM, CANON, HUNT, ONVIF (Version 2.5), PANASONIC, PELCO, RTSP, SAMSUNG, SONY, VIVOTEK, ZAVIO  Network Interface4, RJ45 10M\/100M\/1000M self-adaptive Ethernet interface    PoE  Interface16 SATA interfaces supporting hot-plug    RAID  RAID TypeRAID0, RAID1, RAID5, RAID 6, and RAID10    Auxiliary Interface  SATA2 \u00d7 mini SAS interface (optional)  ESATA1 \u00d7 eSATA interface  CapacityUp to 10 TB for each HDD  Serial InterfaceRS-232; RS-485; Keyboard  USB InterfaceFront Panel: 2 \u00d7 USB 2.0; Rear Panel: 2 \u00d7 USB 3.0  Alarm In\/Out16\/8  Extension BoardOne extension board is supported with four 10M\/100M\/1000M optical interfaces (1.25 Gbps SFP module), eight RS-485 interfaces, and alarm interface of 32 alarm inputs and 16 alarm outputs.    General  Power Supply100 to 240 VAC, 50 to 60Hz, 5 A  Consumption\u2264 140W  Working Temperature0 \u00b0C to + 50 \u00b0C (32 \u00b0F to 122 \u00b0F)  Working Humidity10% to 90%  Dimension (W \u00d7 D \u00d7 H)442 \u00d7 494 \u00d7 146 mm (17.4 \u00d7 19.4 \u00d7 5.7 inch)  \u2264 16 kg (35.3 lb)\" \/>\n<meta property=\"og:url\" content=\"https:\/\/www.mazagazaga.com\/?product=hikvision-128-channel-3u-4k-super-nvr\" \/>\n<meta property=\"og:site_name\" content=\"Mazagazaga\" \/>\n<meta property=\"og:image\" content=\"https:\/\/www.mazagazaga.com\/wp-content\/uploads\/2021\/12\/download-2021-12-01T084710.550.jpg\" \/>\n\t<meta property=\"og:image:width\" content=\"357\" \/>\n\t<meta property=\"og:image:height\" content=\"141\" \/>\n\t<meta property=\"og:image:type\" content=\"image\/jpeg\" \/>\n<meta name=\"twitter:card\" content=\"summary_large_image\" \/>\n<script type=\"application\/ld+json\" class=\"yoast-schema-graph\">{\"@context\":\"https:\/\/schema.org\",\"@graph\":[{\"@type\":\"WebPage\",\"@id\":\"https:\/\/www.mazagazaga.com\/?product=hikvision-128-channel-3u-4k-super-nvr\",\"url\":\"https:\/\/www.mazagazaga.com\/?product=hikvision-128-channel-3u-4k-super-nvr\",\"name\":\"HIKVISION 128-channel 3U 4K Super NVR - Mazagazaga\",\"isPartOf\":{\"@id\":\"https:\/\/www.mazagazaga.com\/#website\"},\"primaryImageOfPage\":{\"@id\":\"https:\/\/www.mazagazaga.com\/?product=hikvision-128-channel-3u-4k-super-nvr#primaryimage\"},\"image\":{\"@id\":\"https:\/\/www.mazagazaga.com\/?product=hikvision-128-channel-3u-4k-super-nvr#primaryimage\"},\"thumbnailUrl\":\"https:\/\/www.mazagazaga.com\/wp-content\/uploads\/2021\/12\/download-2021-12-01T084710.550.jpg\",\"datePublished\":\"2021-12-01T08:47:22+00:00\",\"breadcrumb\":{\"@id\":\"https:\/\/www.mazagazaga.com\/?product=hikvision-128-channel-3u-4k-super-nvr#breadcrumb\"},\"inLanguage\":\"en-US\",\"potentialAction\":[{\"@type\":\"ReadAction\",\"target\":[\"https:\/\/www.mazagazaga.com\/?product=hikvision-128-channel-3u-4k-super-nvr\"]}]},{\"@type\":\"ImageObject\",\"inLanguage\":\"en-US\",\"@id\":\"https:\/\/www.mazagazaga.com\/?product=hikvision-128-channel-3u-4k-super-nvr#primaryimage\",\"url\":\"https:\/\/www.mazagazaga.com\/wp-content\/uploads\/2021\/12\/download-2021-12-01T084710.550.jpg\",\"contentUrl\":\"https:\/\/www.mazagazaga.com\/wp-content\/uploads\/2021\/12\/download-2021-12-01T084710.550.jpg\",\"width\":357,\"height\":141},{\"@type\":\"BreadcrumbList\",\"@id\":\"https:\/\/www.mazagazaga.com\/?product=hikvision-128-channel-3u-4k-super-nvr#breadcrumb\",\"itemListElement\":[{\"@type\":\"ListItem\",\"position\":1,\"name\":\"Home\",\"item\":\"https:\/\/www.mazagazaga.com\/\"},{\"@type\":\"ListItem\",\"position\":2,\"name\":\"Shop\",\"item\":\"https:\/\/www.mazagazaga.com\/?page_id=6\"},{\"@type\":\"ListItem\",\"position\":3,\"name\":\"HIKVISION 128-channel 3U 4K Super NVR\"}]},{\"@type\":\"WebSite\",\"@id\":\"https:\/\/www.mazagazaga.com\/#website\",\"url\":\"https:\/\/www.mazagazaga.com\/\",\"name\":\"Mazagazaga\",\"description\":\"Online Digital Shop\",\"publisher\":{\"@id\":\"https:\/\/www.mazagazaga.com\/#organization\"},\"potentialAction\":[{\"@type\":\"SearchAction\",\"target\":{\"@type\":\"EntryPoint\",\"urlTemplate\":\"https:\/\/www.mazagazaga.com\/?s={search_term_string}\"},\"query-input\":{\"@type\":\"PropertyValueSpecification\",\"valueRequired\":true,\"valueName\":\"search_term_string\"}}],\"inLanguage\":\"en-US\"},{\"@type\":\"Organization\",\"@id\":\"https:\/\/www.mazagazaga.com\/#organization\",\"name\":\"Mazagazaga\",\"url\":\"https:\/\/www.mazagazaga.com\/\",\"logo\":{\"@type\":\"ImageObject\",\"inLanguage\":\"en-US\",\"@id\":\"https:\/\/www.mazagazaga.com\/#\/schema\/logo\/image\/\",\"url\":\"https:\/\/www.mazagazaga.com\/wp-content\/uploads\/2023\/03\/cropped-Mazagazaga.com-Logo-Final-02.png\",\"contentUrl\":\"https:\/\/www.mazagazaga.com\/wp-content\/uploads\/2023\/03\/cropped-Mazagazaga.com-Logo-Final-02.png\",\"width\":764,\"height\":222,\"caption\":\"Mazagazaga\"},\"image\":{\"@id\":\"https:\/\/www.mazagazaga.com\/#\/schema\/logo\/image\/\"}}]}<\/script>\n<!-- \/ Yoast SEO plugin. -->","yoast_head_json":{"title":"HIKVISION 128-channel 3U 4K Super NVR - Mazagazaga","robots":{"index":"index","follow":"follow","max-snippet":"max-snippet:-1","max-image-preview":"max-image-preview:large","max-video-preview":"max-video-preview:-1"},"canonical":"https:\/\/www.mazagazaga.com\/?product=hikvision-128-channel-3u-4k-super-nvr","og_locale":"en_US","og_type":"article","og_title":"HIKVISION 128-channel 3U 4K Super NVR - Mazagazaga","og_description":"Video And Audio  IP Video Input128-ch  Incoming Bandwidth (RAID Mode)576 Mbps  Outgoing Bandwidth512 Mbps  Incoming Bandwidth576 Mbps  Outgoing Bandwidth (RAID Mode)512 Mbps  TLS Outgoing Bandwidth128 Mbps, or 64 Mbps (when RAID is enabled)  HDMI OutputTwo independent HDMI outputs of 4K resolution. Resolution: 4K (4096 \u00d7 2160), 4K (3840 \u00d7 2160)\/30Hz, 2K (2560 \u00d7 1440)\/60Hz, 1080p (1920 \u00d7 1080)\/60Hz, UXGA (1600 \u00d7 1200)\/60Hz, SXGA (1280 \u00d7 1024)\/60Hz, 720p (1280 \u00d7 720)\/60Hz, XGA (1024 \u00d7 768)\/60Hz  VGA Output1-ch. Resolution: 1080p (1920 \u00d7 1080)\/60Hz, UXGA (1600 \u00d7 1200)\/60Hz, SXGA (1280 \u00d7 1024)\/60Hz, 720p (1280 \u00d7 720)\/60Hz, XGA (1024 \u00d7 768)\/60Hz  LCD OutputOptional: One 7 inch LCD  Audio Output1-ch. RCA (2.0 Vp-p, 1 K\u2126)  Two-Way Audio1-ch, RCA (2.0 Vp-p, 1 K\u2126)    Decoding  Decoding FormatH.265, H.265+, H.264, H.264+,MPEG4, MJPEG (for Hikvision IP camera only)  Recording Resolution12 MP\/8 MP\/7 MP\/6 MP\/5 MP\/4 MP\/3 MP\/1080p\/UXGA\/720p\/VGA\/4CIF\/DCIF\/2CIF\/CIF\/QCIF  Synchronous PlaybackUp to 16 channels  Decoding Capability3-ch@12 MP (30fps), 5-ch@8 MP (30fps), 6-ch@6 MP (30fps), 10-ch@4 MP (30fps), 20-ch@1080p (30 fps)    Network  Network ProtocolIPv6, HTTPS, UPnP, SNMP, NTP, SADP, SMTP, NFS, iSCSI, PPPoE, DDNS  Camera Access ProtocolHIKVISION, ACTi, ARECONT, AXIS, BOSCH, BRICKCOM, CANON, HUNT, ONVIF (Version 2.5), PANASONIC, PELCO, RTSP, SAMSUNG, SONY, VIVOTEK, ZAVIO  Network Interface4, RJ45 10M\/100M\/1000M self-adaptive Ethernet interface    PoE  Interface16 SATA interfaces supporting hot-plug    RAID  RAID TypeRAID0, RAID1, RAID5, RAID 6, and RAID10    Auxiliary Interface  SATA2 \u00d7 mini SAS interface (optional)  ESATA1 \u00d7 eSATA interface  CapacityUp to 10 TB for each HDD  Serial InterfaceRS-232; RS-485; Keyboard  USB InterfaceFront Panel: 2 \u00d7 USB 2.0; Rear Panel: 2 \u00d7 USB 3.0  Alarm In\/Out16\/8  Extension BoardOne extension board is supported with four 10M\/100M\/1000M optical interfaces (1.25 Gbps SFP module), eight RS-485 interfaces, and alarm interface of 32 alarm inputs and 16 alarm outputs.    General  Power Supply100 to 240 VAC, 50 to 60Hz, 5 A  Consumption\u2264 140W  Working Temperature0 \u00b0C to + 50 \u00b0C (32 \u00b0F to 122 \u00b0F)  Working Humidity10% to 90%  Dimension (W \u00d7 D \u00d7 H)442 \u00d7 494 \u00d7 146 mm (17.4 \u00d7 19.4 \u00d7 5.7 inch)  \u2264 16 kg (35.3 lb)","og_url":"https:\/\/www.mazagazaga.com\/?product=hikvision-128-channel-3u-4k-super-nvr","og_site_name":"Mazagazaga","og_image":[{"width":357,"height":141,"url":"https:\/\/www.mazagazaga.com\/wp-content\/uploads\/2021\/12\/download-2021-12-01T084710.550.jpg","type":"image\/jpeg"}],"twitter_card":"summary_large_image","schema":{"@context":"https:\/\/schema.org","@graph":[{"@type":"WebPage","@id":"https:\/\/www.mazagazaga.com\/?product=hikvision-128-channel-3u-4k-super-nvr","url":"https:\/\/www.mazagazaga.com\/?product=hikvision-128-channel-3u-4k-super-nvr","name":"HIKVISION 128-channel 3U 4K Super NVR - Mazagazaga","isPartOf":{"@id":"https:\/\/www.mazagazaga.com\/#website"},"primaryImageOfPage":{"@id":"https:\/\/www.mazagazaga.com\/?product=hikvision-128-channel-3u-4k-super-nvr#primaryimage"},"image":{"@id":"https:\/\/www.mazagazaga.com\/?product=hikvision-128-channel-3u-4k-super-nvr#primaryimage"},"thumbnailUrl":"https:\/\/www.mazagazaga.com\/wp-content\/uploads\/2021\/12\/download-2021-12-01T084710.550.jpg","datePublished":"2021-12-01T08:47:22+00:00","breadcrumb":{"@id":"https:\/\/www.mazagazaga.com\/?product=hikvision-128-channel-3u-4k-super-nvr#breadcrumb"},"inLanguage":"en-US","potentialAction":[{"@type":"ReadAction","target":["https:\/\/www.mazagazaga.com\/?product=hikvision-128-channel-3u-4k-super-nvr"]}]},{"@type":"ImageObject","inLanguage":"en-US","@id":"https:\/\/www.mazagazaga.com\/?product=hikvision-128-channel-3u-4k-super-nvr#primaryimage","url":"https:\/\/www.mazagazaga.com\/wp-content\/uploads\/2021\/12\/download-2021-12-01T084710.550.jpg","contentUrl":"https:\/\/www.mazagazaga.com\/wp-content\/uploads\/2021\/12\/download-2021-12-01T084710.550.jpg","width":357,"height":141},{"@type":"BreadcrumbList","@id":"https:\/\/www.mazagazaga.com\/?product=hikvision-128-channel-3u-4k-super-nvr#breadcrumb","itemListElement":[{"@type":"ListItem","position":1,"name":"Home","item":"https:\/\/www.mazagazaga.com\/"},{"@type":"ListItem","position":2,"name":"Shop","item":"https:\/\/www.mazagazaga.com\/?page_id=6"},{"@type":"ListItem","position":3,"name":"HIKVISION 128-channel 3U 4K Super NVR"}]},{"@type":"WebSite","@id":"https:\/\/www.mazagazaga.com\/#website","url":"https:\/\/www.mazagazaga.com\/","name":"Mazagazaga","description":"Online Digital Shop","publisher":{"@id":"https:\/\/www.mazagazaga.com\/#organization"},"potentialAction":[{"@type":"SearchAction","target":{"@type":"EntryPoint","urlTemplate":"https:\/\/www.mazagazaga.com\/?s={search_term_string}"},"query-input":{"@type":"PropertyValueSpecification","valueRequired":true,"valueName":"search_term_string"}}],"inLanguage":"en-US"},{"@type":"Organization","@id":"https:\/\/www.mazagazaga.com\/#organization","name":"Mazagazaga","url":"https:\/\/www.mazagazaga.com\/","logo":{"@type":"ImageObject","inLanguage":"en-US","@id":"https:\/\/www.mazagazaga.com\/#\/schema\/logo\/image\/","url":"https:\/\/www.mazagazaga.com\/wp-content\/uploads\/2023\/03\/cropped-Mazagazaga.com-Logo-Final-02.png","contentUrl":"https:\/\/www.mazagazaga.com\/wp-content\/uploads\/2023\/03\/cropped-Mazagazaga.com-Logo-Final-02.png","width":764,"height":222,"caption":"Mazagazaga"},"image":{"@id":"https:\/\/www.mazagazaga.com\/#\/schema\/logo\/image\/"}}]}},"jetpack_publicize_connections":[],"jetpack_sharing_enabled":true,"_links":{"self":[{"href":"https:\/\/www.mazagazaga.com\/index.php?rest_route=\/wp\/v2\/product\/4361","targetHints":{"allow":["GET"]}}],"collection":[{"href":"https:\/\/www.mazagazaga.com\/index.php?rest_route=\/wp\/v2\/product"}],"about":[{"href":"https:\/\/www.mazagazaga.com\/index.php?rest_route=\/wp\/v2\/types\/product"}],"replies":[{"embeddable":true,"href":"https:\/\/www.mazagazaga.com\/index.php?rest_route=%2Fwp%2Fv2%2Fcomments&post=4361"}],"wp:featuredmedia":[{"embeddable":true,"href":"https:\/\/www.mazagazaga.com\/index.php?rest_route=\/wp\/v2\/media\/4362"}],"wp:attachment":[{"href":"https:\/\/www.mazagazaga.com\/index.php?rest_route=%2Fwp%2Fv2%2Fmedia&parent=4361"}],"wp:term":[{"taxonomy":"product_brand","embeddable":true,"href":"https:\/\/www.mazagazaga.com\/index.php?rest_route=%2Fwp%2Fv2%2Fproduct_brand&post=4361"},{"taxonomy":"product_cat","embeddable":true,"href":"https:\/\/www.mazagazaga.com\/index.php?rest_route=%2Fwp%2Fv2%2Fproduct_cat&post=4361"},{"taxonomy":"product_tag","embeddable":true,"href":"https:\/\/www.mazagazaga.com\/index.php?rest_route=%2Fwp%2Fv2%2Fproduct_tag&post=4361"}],"curies":[{"name":"wp","href":"https:\/\/api.w.org\/{rel}","templated":true}]}}